{"id":1693,"date":"2021-08-09T15:26:05","date_gmt":"2021-08-09T15:26:05","guid":{"rendered":"https:\/\/thermia.hr\/politika-privatnosti\/"},"modified":"2022-05-12T10:48:13","modified_gmt":"2022-05-12T10:48:13","slug":"datenschutz","status":"publish","type":"page","link":"https:\/\/thermia.hr\/de\/datenschutz\/","title":{"rendered":"Datenschutz"},"content":{"rendered":"\r\n<p><strong>DATENSCHUTZ-BESTIMMUNGEN<\/strong><\/p>\r\n<p>Die Datenschutzerkl\u00e4rung Thermia d.o.o. von Buzin, Buzinski prilaz 2, 10010 Zagreb, sch\u00fctzt die Privatsph\u00e4re seiner Kunden und k\u00fcmmert sich um ihre personenbezogenen Daten gem\u00e4\u00df der Allgemeinen EU-Datenschutzverordnung 2016\/679\/EG (Verordnung) und dem Gesetz zur Umsetzung der Allgemeinen EU- Verordnung zum Schutz personenbezogener Daten. Die Datenschutzerkl\u00e4rung Thermia d.o.o. verpflichtet sich, personenbezogene Daten ausschlie\u00dflich nach den Grunds\u00e4tzen der Verordnung zu verarbeiten.<\/p>\r\n<p><strong>Pers\u00f6nliche Angaben:<\/strong><\/p>\r\n<p>Nach der Verordnung sind personenbezogene Daten &#8211; alle Daten, die sich auf eine Person beziehen, deren Identit\u00e4t festgestellt wurde oder festgestellt werden kann (&#8222;Befragter&#8220;), und eine Person oder ein Befragter, wie ihn die Verordnung nennt, dessen Identit\u00e4t festgestellt werden kann, ist eine Person, die direkt oder indirekt identifiziert werden kann.<\/p>\r\n<p><strong>Verarbeitung:<\/strong><\/p>\r\n<p>Die Verarbeitung hei\u00dft, im Sinne der Verordnung, jeder automatisierte oder nicht automatisierte Vorgang oder jede solche Vorgangsreihe im Zusammenhang mit personenbezogenen Daten wie das Erheben, das Erfassen, die Organisation, das Ordnen, die Speicherung, die Anpassung oder \u00c4nderung, das Auslesen, Einsichtnahme, Verwendung, Offenlegung durch \u00dcbertragung, Verbreitung oder sonstige Bereitstellung, Harmonisierung oder Kombination, Einschr\u00e4nkung, L\u00f6schung oder Vernichtung.<\/p>\r\n<p>&nbsp;<\/p>\r\n<p><strong>Datensammlung:<\/strong><\/p>\r\n<p>Thermia d.o.o. sammelt nur personenbezogene Daten, die der Kunde selbstst\u00e4ndig eingibt. Die Datensammlung erfolgt durch die Registrierung f\u00fcr die Nutzung des Webshops und durch verf\u00fcgbare Webformulare zum Erhalt von Benachrichtigungen (Newsletter), Chat-Anwendungen oder Kontakt mit Mitarbeitern von Thermia d.o.o. Die Datensammlung ist f\u00fcr die Erbringung der Webshop-Dienste, die Zahlung und die Lieferung gekaufter Waren und Dienstleistungen erforderlich und erfolgt auf Grundlage der Nutzungsbedingungen.<\/p>\r\n<p>Durch das Erstellen und Verwalten eines Kontos werden Daten erhoben (Vorname, Nachname, E-Mail-Adresse, Postleitzahl, Ort, Adresse, Telefonnummer)<\/p>\r\n<p>Informationen, die bei der Erstellung eines Kontos auf der Webseite von Thermia d.o.o. gesammelt werden, werden auf folgende Weise verwendet:<\/p>\r\n<p>&nbsp;<\/p>\r\n<p>&nbsp;<\/p>\r\n<ul>\r\n<li>Wir verwenden den Vor- und Nachnamen, die E-Mail-Adresse, um den Benutzer zu identifizieren und damit der erneut Zugriff in den Webshop gestattet werden kann.<\/li>\r\n<li>Wir verwenden die E-Mail-Adresse, um Sie im Falle eines nicht abgeschlossenen Kaufs des Produkts zu kontaktieren und Benachrichtigungen \u00fcber die Verf\u00fcgbarkeit des Produkts zu senden, das Sie kaufen m\u00f6chten.<\/li>\r\n<li>Wir verwenden den Vor- und Nachnamen, E-Mail-Adresse, Telefonnummer, Postleitzahl, Ort und Adresse, um die Bestellung zu bearbeiten und zu verfolgen, einschlie\u00dflich der Lieferung des Produkts an die angegebene Adresse.<\/li>\r\n<li>Wir verwenden den Vor- und Nachnamen, die E-Mail-Adresse, die Telefonnummer, um Meinungsverschiedenheiten bez\u00fcglich des Kaufs zu verwalten<\/li>\r\n<\/ul>\r\n<p>&nbsp;<\/p>\r\n<p>Einige Informationen werden automatisch gesammelt &#8211; Sie k\u00f6nnen mehr im Abschnitt Web-Cookies lesen.<\/p>\r\n<p><strong>Zweck und Einsichtnahme:<\/strong><\/p>\r\n<p>Personenbezogene Daten werden ausschlie\u00dflich zu den vorgenannten Zwecken verwendet und stehen externen Auftragsverarbeitern im Verarbeitungsprozess zur Verf\u00fcgung. Die externen Auftragsverarbeiter sind renommierte EU-Organisationen, die von Thermia d.o.o. zur Durchf\u00fchrung externer Funktionen, n\u00e4mlich Buchhaltung, Hosting von Ausr\u00fcstung, Verwaltung, Logistikvorbereitung mit dem Lieferanten und dem Versand, engagiert werden. Dar\u00fcber hinaus werden personenbezogene Daten aufgrund gesetzlicher Verpflichtungen Vertretern der zust\u00e4ndigen Justizbeh\u00f6rden zur Verf\u00fcgung gestellt.<\/p>\r\n<p><strong>Cookies:<\/strong><\/p>\r\n<p>Unsere Webseite verwendet Standard-Web-Cookies. Dabei handelt es sich um kleine Code-St\u00fccke, die Ihr Browser automatisch ausf\u00fchrt und die ben\u00f6tigt werden, um den Inhalt von Seiten auf allen Ger\u00e4ten angemessen darzustellen. Ohne sie w\u00e4re die Nutzung der Seiten nicht m\u00f6glich. Die auf diese Weise gesammelten Informationen sind Informationen \u00fcber Ihren Browser und werden verwendet, um Ihren Standort auf den Seiten zu speichern, falls die Sitzung unterbrochen wird, um Benutzerbewegungen zu verfolgen, um die Funktionalit\u00e4t der Seiten zu verbessern und Ihre Benutzererfahrung zu verbessern.<\/p>\r\n<p>Das Cookie, das Ihre Sitzung begleitet, bleibt 45 Minuten lang aktiv oder bis der Internetbrowser ausgeschaltet wird.<\/p>\r\n<p>Cookies, die wir setzen, um Ihre Benutzererfahrung zu verbessern und die es Ihnen erm\u00f6glichen, die Anzeigeeinstellungen auf der Online-Shop-Seite anzupassen, bleiben 12 Monate lang aktiv oder bis sie aus dem Browser gel\u00f6scht werden.<\/p>\r\n<p>Neben diesen Standard-Cookies verwenden wir auch Google Analytics-Cookies, die Ihr Verhalten auf der Website verfolgen. Diese Cookies speichern Informationen \u00fcber die Art und Weise, wie Besucher die Webseite nutzen, einschlie\u00dflich der Anzahl der angezeigten Seiten, der Herkunft der Besucher und der Anzahl der Besuche, um die Nutzung unserer Webseite zu vereinfachen und Ihnen das beste Erlebnis zu bieten. Weitere Informationen hierzu finden Sie unter [http:\/\/www.google.com\/analytics\/learn\/privacy.html.](<a href=\"http:\/\/www.google.com\/analytics\/learn\/privacy.html\">http:\/\/www.google.com\/analytics\/learn\/privacy.html<\/a>. )<\/p>\r\n<p>Bitte beachten Sie &#8211; Web-Cookies k\u00f6nnen \u00fcber Ihre Browsereinstellungen gel\u00f6scht werden. Anweisungen zum Entfernen dieser Cookies finden Sie \u00fcber die &#8222;Hilfe&#8220;-Funktion Ihres Browsers oder auf der Webseite des Browser-Herstellers.<\/p>\r\n<p>Weitere Informationen dar\u00fcber, was Web-Cookies sind, wozu sie dienen und wie man sie von den g\u00e4ngigsten Browsern entfernt, finden Sie unter <a href=\"http:\/\/www.aboutcookies.org.uk\/\">http:\/\/www.aboutcookies.org.uk\/<\/a><\/p>\r\n<p>&nbsp;<\/p>\r\n<p><strong>Aufbewahrung und Schutz:<\/strong><\/p>\r\n<p>Personenbezogene Daten werden innerhalb der gesetzlichen Fristen gespeichert und verarbeitet.<\/p>\r\n<p>Thermia d.o.o. implementiert angemessene Sicherheitsvorkehrungen zum Schutz von Daten, kann jedoch den Schutz von Informationen w\u00e4hrend der \u00dcbertragung zur oder von der Webseite nicht garantieren und kann nicht f\u00fcr die Handlungen Dritter haftbar gemacht werden, die solche Informationen erhalten. Wir tun immer unser Bestes, um Ihre personenbezogenen Daten zu sch\u00fctzen, und versuchen, nachdem wir sie durch strenge Verfahren und Sicherheitsfunktionen erhalten haben, unbefugten Zugriff auf die Daten zu verhindern. Da die Daten\u00fcbertragung im Internet nicht vollst\u00e4ndig sicher ist, k\u00f6nnen wir die Sicherheit der an unsere Seite \u00fcbermittelten Daten nicht garantieren. Sie nehmen jede \u00dcbertragung als solche auf Ihr eigenes Risiko vor.<\/p>\r\n<p>Bitte beachten Sie, dass keine Webseite zu 100 % sicher ist. Wir bem\u00fchen uns, Ihre Daten vollst\u00e4ndig zu sch\u00fctzen, k\u00f6nnen jedoch keine vollst\u00e4ndige Sicherheit garantieren. Dar\u00fcber hinaus ist kein Computer zu 100 % vor Hackern oder unerw\u00fcnschten Downloads sicher, und wir empfehlen Ihnen, alle verf\u00fcgbaren Ma\u00dfnahmen zu ergreifen, um Ihren eigenen Computer und Browser zu sch\u00fctzen.<\/p>\r\n<p>Gem\u00e4\u00df der Allgemeinen EU-Verordnung 2016\/679 \/ EG vom 27. April 2016 erlaubt Thermia d.o.o. keine Registrierung von Personen unter 16 Jahren. Daher ist kein Teil dieser Webseite darauf ausgelegt, Personen unter 16 Jahren anzusprechen.<\/p>\r\n<p>&nbsp;<\/p>\r\n<p>&nbsp;<\/p>\r\n<p><strong>Rechte der Befragten:<\/strong><\/p>\r\n<p>Die Befragten haben das Recht auf Auskunft, Berichtigung personenbezogener Daten, deren L\u00f6schung und Widerruf der Einwilligung.<\/p>\r\n<p>Auskunft, Berichtigung, L\u00f6schung &#8211; Um Ihr Recht auf Auskunft, Berichtigung unrichtiger Daten oder deren L\u00f6schung auszu\u00fcben, kontaktieren Sie uns bitte per E-Mail: webshop@thermiashop.hr oder Tel.: 01 410 1403. Ihre Anfrage wird so schnell wie m\u00f6glich bearbeitet.<\/p>\r\n<p>Korrektur &#8211; Um die falschen Daten zu \u00e4ndern, loggen Sie sich in Ihr Konto ein und nehmen Sie die erforderlichen \u00c4nderungen selbst vor.<\/p>\r\n<p>L\u00f6schung &#8211; Um die L\u00f6schung Ihrer personenbezogenen Daten zu beantragen, wenden Sie sich bitte an webshop@thermiashop.hr oder Tel.: 01 410 1403. Bitte beachten Sie, dass wir, obwohl Sie die L\u00f6schung beantragt haben, nur Daten l\u00f6schen, die wir aufgrund der vertraglichen und gesetzlichen Pflicht nicht aufbewahren m\u00fcssen Ihre Anfrage wird schnellstm\u00f6glich bearbeitet.<\/p>\r\n<p><strong>Datenexport im Standardformat<\/strong> &#8211; Auf Wunsch des Befragten exportieren wir so schnell wie m\u00f6glich alle Ihre personenbezogenen Daten, die wir im XML-Format speichern, und liefern sie per E-Mail oder Post an den Kunden.<\/p>\r\n<p><strong>Widerruf der Einwilligung &#8211;<\/strong> Wenn Sie unseren Newsletter nicht mehr erhalten m\u00f6chten, klicken Sie einfach unten im Newsletter auf Abmelden.<\/p>\r\n<p><strong>Beheben von Missverst\u00e4ndnissen oder zus\u00e4tzlichen Fragen<\/strong>:<\/p>\r\n<p>Um m\u00f6gliche Missverst\u00e4ndnisse zu beheben oder zus\u00e4tzliche Fragen zu stellen, verwenden Sie bitte webshop@thermiashop.hr oder Tel.: 01 410 1403.<\/p>\r\n<p>Kontakt:<\/p>\r\n<p>F\u00fcr alle weiteren Fragen erreichen Sie uns unter:<\/p>\r\n<p>Thermia d.o.o.<\/p>\r\n<p>Sitz: Buzin, Buzinski prilaz 2, 10010 Zagreb, Kroatien<\/p>\r\n<p>Telefon: 01 410 1403<\/p>\r\n<p>E-Mail:\u00a0<a href=\"mailto:info@thermiashop.hr\">info@thermiashop.hr<\/a><\/p>\r\n<p>PIN\/ USt-IdNr.: 83318038976<\/p>\r\n","protected":false},"excerpt":{"rendered":"<p>DATENSCHUTZ-BESTIMMUNGEN Die Datenschutzerkl\u00e4rung Thermia d.o.o. von Buzin, Buzinski prilaz 2, 10010 Zagreb, sch\u00fctzt die Privatsph\u00e4re seiner Kunden und k\u00fcmmert sich um ihre personenbezogenen Daten gem\u00e4\u00df der Allgemeinen EU-Datenschutzverordnung 2016\/679\/EG (Verordnung) und dem Gesetz zur Umsetzung der Allgemeinen EU- Verordnung zum Schutz personenbezogener Daten. Die Datenschutzerkl\u00e4rung Thermia d.o.o. verpflichtet sich, personenbezogene Daten ausschlie\u00dflich nach den Grunds\u00e4tzen [&hellip;]<\/p>\n","protected":false},"author":4,"featured_media":0,"parent":0,"menu_order":0,"comment_status":"closed","ping_status":"closed","template":"","meta":[],"yoast_head":"<!-- This site is optimized with the Yoast SEO plugin v17.0 - https:\/\/yoast.com\/wordpress\/plugins\/seo\/ -->\n<title>Datenschutz - Thermia d.o.o.<\/title>\n<meta name=\"description\" content=\"Thermia d.o.o. implementiert angemessene Sicherheitsvorkehrungen zum Schutz von Daten, kann jedoch den Schutz von Informationen...\" \/>\n<meta name=\"robots\" content=\"index, follow, max-snippet:-1, max-image-preview:large, max-video-preview:-1\" \/>\n<link rel=\"canonical\" href=\"https:\/\/thermia.hr\/de\/datenschutz\/\" \/>\n<meta property=\"og:locale\" content=\"de_DE\" \/>\n<meta property=\"og:type\" content=\"article\" \/>\n<meta property=\"og:title\" content=\"Datenschutz - Thermia d.o.o.\" \/>\n<meta property=\"og:description\" content=\"Thermia d.o.o. implementiert angemessene Sicherheitsvorkehrungen zum Schutz von Daten, kann jedoch den Schutz von Informationen...\" \/>\n<meta property=\"og:url\" content=\"https:\/\/thermia.hr\/de\/datenschutz\/\" \/>\n<meta property=\"og:site_name\" content=\"Thermia\" \/>\n<meta property=\"article:publisher\" content=\"https:\/\/www.facebook.com\/Thermia-shop-146069435460765\" \/>\n<meta property=\"article:modified_time\" content=\"2022-05-12T10:48:13+00:00\" \/>\n<meta property=\"og:image\" content=\"https:\/\/thermia.hr\/wp-content\/uploads\/2021\/08\/01.jpg\" \/>\n\t<meta property=\"og:image:width\" content=\"432\" \/>\n\t<meta property=\"og:image:height\" content=\"423\" \/>\n<meta name=\"twitter:card\" content=\"summary_large_image\" \/>\n<meta name=\"twitter:label1\" content=\"Gesch\u00e4tzte Lesezeit\" \/>\n\t<meta name=\"twitter:data1\" content=\"5 Minuten\" \/>\n<script type=\"application\/ld+json\" class=\"yoast-schema-graph\">{\"@context\":\"https:\/\/schema.org\",\"@graph\":[{\"@type\":\"WebSite\",\"@id\":\"https:\/\/thermia.hr\/#website\",\"url\":\"https:\/\/thermia.hr\/\",\"name\":\"Thermia\",\"description\":\"Proizvodnja i prodaja kaminskih pe\\u0107i\",\"potentialAction\":[{\"@type\":\"SearchAction\",\"target\":{\"@type\":\"EntryPoint\",\"urlTemplate\":\"https:\/\/thermia.hr\/?s={search_term_string}\"},\"query-input\":\"required name=search_term_string\"}],\"inLanguage\":\"de-DE\"},{\"@type\":\"WebPage\",\"@id\":\"https:\/\/thermia.hr\/de\/datenschutz\/#webpage\",\"url\":\"https:\/\/thermia.hr\/de\/datenschutz\/\",\"name\":\"Datenschutz - Thermia d.o.o.\",\"isPartOf\":{\"@id\":\"https:\/\/thermia.hr\/#website\"},\"datePublished\":\"2021-08-09T15:26:05+00:00\",\"dateModified\":\"2022-05-12T10:48:13+00:00\",\"description\":\"Thermia d.o.o. implementiert angemessene Sicherheitsvorkehrungen zum Schutz von Daten, kann jedoch den Schutz von Informationen...\",\"breadcrumb\":{\"@id\":\"https:\/\/thermia.hr\/de\/datenschutz\/#breadcrumb\"},\"inLanguage\":\"de-DE\",\"potentialAction\":[{\"@type\":\"ReadAction\",\"target\":[\"https:\/\/thermia.hr\/de\/datenschutz\/\"]}]},{\"@type\":\"BreadcrumbList\",\"@id\":\"https:\/\/thermia.hr\/de\/datenschutz\/#breadcrumb\",\"itemListElement\":[{\"@type\":\"ListItem\",\"position\":1,\"name\":\"Home\",\"item\":\"https:\/\/thermia.hr\/de\/\"},{\"@type\":\"ListItem\",\"position\":2,\"name\":\"Datenschutz\"}]}]}<\/script>\n<!-- \/ Yoast SEO plugin. -->","yoast_head_json":{"title":"Datenschutz - Thermia d.o.o.","description":"Thermia d.o.o. implementiert angemessene Sicherheitsvorkehrungen zum Schutz von Daten, kann jedoch den Schutz von Informationen...","robots":{"index":"index","follow":"follow","max-snippet":"max-snippet:-1","max-image-preview":"max-image-preview:large","max-video-preview":"max-video-preview:-1"},"canonical":"https:\/\/thermia.hr\/de\/datenschutz\/","og_locale":"de_DE","og_type":"article","og_title":"Datenschutz - Thermia d.o.o.","og_description":"Thermia d.o.o. implementiert angemessene Sicherheitsvorkehrungen zum Schutz von Daten, kann jedoch den Schutz von Informationen...","og_url":"https:\/\/thermia.hr\/de\/datenschutz\/","og_site_name":"Thermia","article_publisher":"https:\/\/www.facebook.com\/Thermia-shop-146069435460765","article_modified_time":"2022-05-12T10:48:13+00:00","og_image":[{"width":432,"height":423,"url":"https:\/\/thermia.hr\/wp-content\/uploads\/2021\/08\/01.jpg","path":"\/home\/thermiah\/public_html\/wp-content\/uploads\/2021\/08\/01.jpg","size":"full","id":232,"alt":"Adastra kaminska pe\u0107","pixels":182736,"type":"image\/jpeg"}],"twitter_card":"summary_large_image","twitter_misc":{"Gesch\u00e4tzte Lesezeit":"5 Minuten"},"schema":{"@context":"https:\/\/schema.org","@graph":[{"@type":"WebSite","@id":"https:\/\/thermia.hr\/#website","url":"https:\/\/thermia.hr\/","name":"Thermia","description":"Proizvodnja i prodaja kaminskih pe\u0107i","potentialAction":[{"@type":"SearchAction","target":{"@type":"EntryPoint","urlTemplate":"https:\/\/thermia.hr\/?s={search_term_string}"},"query-input":"required name=search_term_string"}],"inLanguage":"de-DE"},{"@type":"WebPage","@id":"https:\/\/thermia.hr\/de\/datenschutz\/#webpage","url":"https:\/\/thermia.hr\/de\/datenschutz\/","name":"Datenschutz - Thermia d.o.o.","isPartOf":{"@id":"https:\/\/thermia.hr\/#website"},"datePublished":"2021-08-09T15:26:05+00:00","dateModified":"2022-05-12T10:48:13+00:00","description":"Thermia d.o.o. implementiert angemessene Sicherheitsvorkehrungen zum Schutz von Daten, kann jedoch den Schutz von Informationen...","breadcrumb":{"@id":"https:\/\/thermia.hr\/de\/datenschutz\/#breadcrumb"},"inLanguage":"de-DE","potentialAction":[{"@type":"ReadAction","target":["https:\/\/thermia.hr\/de\/datenschutz\/"]}]},{"@type":"BreadcrumbList","@id":"https:\/\/thermia.hr\/de\/datenschutz\/#breadcrumb","itemListElement":[{"@type":"ListItem","position":1,"name":"Home","item":"https:\/\/thermia.hr\/de\/"},{"@type":"ListItem","position":2,"name":"Datenschutz"}]}]}},"_links":{"self":[{"href":"https:\/\/thermia.hr\/de\/wp-json\/wp\/v2\/pages\/1693"}],"collection":[{"href":"https:\/\/thermia.hr\/de\/wp-json\/wp\/v2\/pages"}],"about":[{"href":"https:\/\/thermia.hr\/de\/wp-json\/wp\/v2\/types\/page"}],"author":[{"embeddable":true,"href":"https:\/\/thermia.hr\/de\/wp-json\/wp\/v2\/users\/4"}],"replies":[{"embeddable":true,"href":"https:\/\/thermia.hr\/de\/wp-json\/wp\/v2\/comments?post=1693"}],"version-history":[{"count":2,"href":"https:\/\/thermia.hr\/de\/wp-json\/wp\/v2\/pages\/1693\/revisions"}],"predecessor-version":[{"id":1734,"href":"https:\/\/thermia.hr\/de\/wp-json\/wp\/v2\/pages\/1693\/revisions\/1734"}],"wp:attachment":[{"href":"https:\/\/thermia.hr\/de\/wp-json\/wp\/v2\/media?parent=1693"}],"curies":[{"name":"wp","href":"https:\/\/api.w.org\/{rel}","templated":true}]}}