{"id":1111,"date":"2021-08-09T15:34:58","date_gmt":"2021-08-09T15:34:58","guid":{"rendered":"https:\/\/thermia.hr\/thermia-kamini\/"},"modified":"2025-07-08T10:45:12","modified_gmt":"2025-07-08T10:45:12","slug":"thermia-kamini","status":"publish","type":"page","link":"https:\/\/thermia.hr\/de\/","title":{"rendered":"Startseite"},"content":{"rendered":"","protected":false},"excerpt":{"rendered":"","protected":false},"author":4,"featured_media":0,"parent":0,"menu_order":0,"comment_status":"closed","ping_status":"closed","template":"template-home.php","meta":[],"yoast_head":"<!-- This site is optimized with the Yoast SEO plugin v17.0 - https:\/\/yoast.com\/wordpress\/plugins\/seo\/ -->\n<title>Thermia Kamini - Jedan od vode\u0107ih proizvo\u0111a\u010da kamina u Europi<\/title>\n<meta name=\"description\" content=\"Thermia Kamini - Vrhunski kamini, kaminske pe\u0107i i ostali proizvodi omogu\u0107eni su na\u0161im klijentima uz visokoserijsku proizvodnju\" \/>\n<meta name=\"robots\" content=\"index, follow, max-snippet:-1, max-image-preview:large, max-video-preview:-1\" \/>\n<link rel=\"canonical\" href=\"https:\/\/thermia.hr\/de\/\" \/>\n<meta property=\"og:locale\" content=\"de_DE\" \/>\n<meta property=\"og:type\" content=\"article\" \/>\n<meta property=\"og:title\" content=\"Thermia Kamini - Jedan od vode\u0107ih proizvo\u0111a\u010da kamina u Europi\" \/>\n<meta property=\"og:description\" content=\"Thermia Kamini - Vrhunski kamini, kaminske pe\u0107i i ostali proizvodi omogu\u0107eni su na\u0161im klijentima uz visokoserijsku proizvodnju\" \/>\n<meta property=\"og:url\" content=\"https:\/\/thermia.hr\/de\/\" \/>\n<meta property=\"og:site_name\" content=\"Thermia\" \/>\n<meta property=\"article:publisher\" content=\"https:\/\/www.facebook.com\/Thermia-shop-146069435460765\" \/>\n<meta property=\"article:modified_time\" content=\"2025-07-08T10:45:12+00:00\" \/>\n<meta property=\"og:image\" content=\"https:\/\/thermia.hr\/wp-content\/uploads\/2021\/08\/01.jpg\" \/>\n\t<meta property=\"og:image:width\" content=\"432\" \/>\n\t<meta property=\"og:image:height\" content=\"423\" \/>\n<meta name=\"twitter:card\" content=\"summary_large_image\" \/>\n<script type=\"application\/ld+json\" class=\"yoast-schema-graph\">{\"@context\":\"https:\/\/schema.org\",\"@graph\":[{\"@type\":\"WebSite\",\"@id\":\"https:\/\/thermia.hr\/#website\",\"url\":\"https:\/\/thermia.hr\/\",\"name\":\"Thermia\",\"description\":\"Proizvodnja i prodaja kaminskih pe\\u0107i\",\"potentialAction\":[{\"@type\":\"SearchAction\",\"target\":{\"@type\":\"EntryPoint\",\"urlTemplate\":\"https:\/\/thermia.hr\/?s={search_term_string}\"},\"query-input\":\"required name=search_term_string\"}],\"inLanguage\":\"de-DE\"},{\"@type\":\"WebPage\",\"@id\":\"https:\/\/thermia.hr\/de\/#webpage\",\"url\":\"https:\/\/thermia.hr\/de\/\",\"name\":\"Thermia Kamini - Jedan od vode\\u0107ih proizvo\\u0111a\\u010da kamina u Europi\",\"isPartOf\":{\"@id\":\"https:\/\/thermia.hr\/#website\"},\"datePublished\":\"2021-08-09T15:34:58+00:00\",\"dateModified\":\"2025-07-08T10:45:12+00:00\",\"description\":\"Thermia Kamini - Vrhunski kamini, kaminske pe\\u0107i i ostali proizvodi omogu\\u0107eni su na\\u0161im klijentima uz visokoserijsku proizvodnju\",\"breadcrumb\":{\"@id\":\"https:\/\/thermia.hr\/de\/#breadcrumb\"},\"inLanguage\":\"de-DE\",\"potentialAction\":[{\"@type\":\"ReadAction\",\"target\":[\"https:\/\/thermia.hr\/de\/\"]}]},{\"@type\":\"BreadcrumbList\",\"@id\":\"https:\/\/thermia.hr\/de\/#breadcrumb\",\"itemListElement\":[{\"@type\":\"ListItem\",\"position\":1,\"name\":\"Home\",\"item\":\"https:\/\/thermia.hr\/de\/\"},{\"@type\":\"ListItem\",\"position\":2,\"name\":\"Startseite\"}]}]}<\/script>\n<!-- \/ Yoast SEO plugin. -->","yoast_head_json":{"title":"Thermia Kamini - Jedan od vode\u0107ih proizvo\u0111a\u010da kamina u Europi","description":"Thermia Kamini - Vrhunski kamini, kaminske pe\u0107i i ostali proizvodi omogu\u0107eni su na\u0161im klijentima uz visokoserijsku proizvodnju","robots":{"index":"index","follow":"follow","max-snippet":"max-snippet:-1","max-image-preview":"max-image-preview:large","max-video-preview":"max-video-preview:-1"},"canonical":"https:\/\/thermia.hr\/de\/","og_locale":"de_DE","og_type":"article","og_title":"Thermia Kamini - Jedan od vode\u0107ih proizvo\u0111a\u010da kamina u Europi","og_description":"Thermia Kamini - Vrhunski kamini, kaminske pe\u0107i i ostali proizvodi omogu\u0107eni su na\u0161im klijentima uz visokoserijsku proizvodnju","og_url":"https:\/\/thermia.hr\/de\/","og_site_name":"Thermia","article_publisher":"https:\/\/www.facebook.com\/Thermia-shop-146069435460765","article_modified_time":"2025-07-08T10:45:12+00:00","og_image":[{"width":432,"height":423,"url":"https:\/\/thermia.hr\/wp-content\/uploads\/2021\/08\/01.jpg","path":"\/home\/thermiah\/public_html\/wp-content\/uploads\/2021\/08\/01.jpg","size":"full","id":232,"alt":"Adastra kaminska pe\u0107","pixels":182736,"type":"image\/jpeg"}],"twitter_card":"summary_large_image","schema":{"@context":"https:\/\/schema.org","@graph":[{"@type":"WebSite","@id":"https:\/\/thermia.hr\/#website","url":"https:\/\/thermia.hr\/","name":"Thermia","description":"Proizvodnja i prodaja kaminskih pe\u0107i","potentialAction":[{"@type":"SearchAction","target":{"@type":"EntryPoint","urlTemplate":"https:\/\/thermia.hr\/?s={search_term_string}"},"query-input":"required name=search_term_string"}],"inLanguage":"de-DE"},{"@type":"WebPage","@id":"https:\/\/thermia.hr\/de\/#webpage","url":"https:\/\/thermia.hr\/de\/","name":"Thermia Kamini - Jedan od vode\u0107ih proizvo\u0111a\u010da kamina u Europi","isPartOf":{"@id":"https:\/\/thermia.hr\/#website"},"datePublished":"2021-08-09T15:34:58+00:00","dateModified":"2025-07-08T10:45:12+00:00","description":"Thermia Kamini - Vrhunski kamini, kaminske pe\u0107i i ostali proizvodi omogu\u0107eni su na\u0161im klijentima uz visokoserijsku proizvodnju","breadcrumb":{"@id":"https:\/\/thermia.hr\/de\/#breadcrumb"},"inLanguage":"de-DE","potentialAction":[{"@type":"ReadAction","target":["https:\/\/thermia.hr\/de\/"]}]},{"@type":"BreadcrumbList","@id":"https:\/\/thermia.hr\/de\/#breadcrumb","itemListElement":[{"@type":"ListItem","position":1,"name":"Home","item":"https:\/\/thermia.hr\/de\/"},{"@type":"ListItem","position":2,"name":"Startseite"}]}]}},"_links":{"self":[{"href":"https:\/\/thermia.hr\/de\/wp-json\/wp\/v2\/pages\/1111"}],"collection":[{"href":"https:\/\/thermia.hr\/de\/wp-json\/wp\/v2\/pages"}],"about":[{"href":"https:\/\/thermia.hr\/de\/wp-json\/wp\/v2\/types\/page"}],"author":[{"embeddable":true,"href":"https:\/\/thermia.hr\/de\/wp-json\/wp\/v2\/users\/4"}],"replies":[{"embeddable":true,"href":"https:\/\/thermia.hr\/de\/wp-json\/wp\/v2\/comments?post=1111"}],"version-history":[{"count":9,"href":"https:\/\/thermia.hr\/de\/wp-json\/wp\/v2\/pages\/1111\/revisions"}],"predecessor-version":[{"id":3026,"href":"https:\/\/thermia.hr\/de\/wp-json\/wp\/v2\/pages\/1111\/revisions\/3026"}],"wp:attachment":[{"href":"https:\/\/thermia.hr\/de\/wp-json\/wp\/v2\/media?parent=1111"}],"curies":[{"name":"wp","href":"https:\/\/api.w.org\/{rel}","templated":true}]}}